{"id":1828,"date":"2019-06-20T10:25:58","date_gmt":"2019-06-20T14:25:58","guid":{"rendered":"https:\/\/capwineint.com\/cookies\/"},"modified":"2019-06-21T05:08:20","modified_gmt":"2019-06-21T09:08:20","slug":"cookies","status":"publish","type":"page","link":"https:\/\/capwineint.com\/en\/cookies\/","title":{"rendered":"Cookies"},"content":{"rendered":"<div class=\"wpb-content-wrapper\"><p>[vc_row][vc_column][vc_column_text]<\/p>\n<h1><span style=\"color: #473161;\">Cap Wine Cookies, named \u00ab our web site \u00bb<\/span><\/h1>\n<p id=\"tw-target-text\" class=\"tw-data-text tw-ta tw-text-small\" dir=\"ltr\" data-placeholder=\"Translation\"><span lang=\"en\" tabindex=\"0\">When you browse our website, cookies are placed on your computer, mobile or tablet to improve your use of the site and increase its performance. Learn how cookies and current tools work to set them up.<\/span><\/p>\n<p>[\/vc_column_text][vc_btn title=&#8221;More on cookies on CNIL web site&#8221; link=&#8221;url:https%3A%2F%2Fwww.cnil.fr%2Ffr%2Fcookies-les-outils-pour-les-maitriser|target:%20_blank|rel:nofollow|&#8221;][vc_column_text]<\/p>\n<h2 class=\"block-edito-title\"><span style=\"color: #473161;\">Understand cookies\u00a0<\/span><\/h2>\n<ul>\n<li>\n<h3><span style=\"color: #473161;\">What are cookies ?<\/span><\/h3>\n<p>Cookies are small files created during your visit to a website.<\/p>\n<p><span style=\"color: #333333;\">What are they for ? On our website, they keep your information and can identify you and offer you offers tailored to your profile to better understand you and improve your user experience.<\/span><\/li>\n<li>\n<p id=\"tw-target-text\" class=\"tw-data-text tw-ta tw-text-small\" dir=\"ltr\" data-placeholder=\"Translation\"><span lang=\"en\" tabindex=\"0\">What are the types of cookies on our website? When you use our website, cookies are placed on your computer, mobile or tablet for the purposes of navigation, optimization and customization of the services offered to you. Our website does not collect user-specific information.<\/span><\/p>\n<\/li>\n<\/ul>\n<ul style=\"list-style-type: circle;\">\n<li id=\"tw-target-text\" class=\"tw-data-text tw-ta tw-text-small\" dir=\"ltr\" data-placeholder=\"Translation\"><span lang=\"en\" tabindex=\"0\">strictly necessary cookies <\/span><\/li>\n<\/ul>\n<p class=\"tw-data-text tw-ta tw-text-small\" dir=\"ltr\" data-placeholder=\"Translation\"><span lang=\"en\" tabindex=\"0\">Necessary for your navigation and the proper functioning of the site, these cookies allow you a free and fluid navigation on the platform. Disabling them may prevent or interfere with the normal operation of our website.<\/span><\/p>\n<ul style=\"list-style-type: circle;\">\n<li><span lang=\"en\" tabindex=\"0\">performance cookies\u00a0 \u00a0 \u00a0 \u00a0 \u00a0 \u00a0 \u00a0 \u00a0 \u00a0 \u00a0 \u00a0 \u00a0 \u00a0 \u00a0 \u00a0 \u00a0 \u00a0 \u00a0 \u00a0 \u00a0 These are cookies that specialize in collecting information. They are used to better understand your user behavior for purposes of analysis, improvement and optimization of the performance of our website. The information collected by these cookies is not personal.<\/span><\/li>\n<li id=\"tw-target-text\" class=\"tw-data-text tw-ta tw-text-small\" dir=\"ltr\" data-placeholder=\"Translation\"><span lang=\"en\" tabindex=\"0\">functional cookies <\/span><\/li>\n<\/ul>\n<p class=\"tw-data-text tw-ta tw-text-small\" dir=\"ltr\" data-placeholder=\"Translation\"><span lang=\"en\" tabindex=\"0\">These cookies allow you to remember your choices and preferences in order to offer personalized navigation, provide you with relevant content and thus improve your comfort of use.<\/span><\/p>\n<ul style=\"list-style-type: circle;\">\n<li class=\"tw-data-text tw-ta tw-text-small\" dir=\"ltr\" data-placeholder=\"Translation\"><span lang=\"en\" tabindex=\"0\">third-party cookies <\/span><\/li>\n<\/ul>\n<p class=\"tw-data-text tw-ta tw-text-small\" dir=\"ltr\" data-placeholder=\"Translation\"><span lang=\"en\" tabindex=\"0\">Third-party cookies are cookies deposited by third-party companies and hosted by the interface. In the case of our website, this may be data retrieved by the Group&#8217;s partners. They are used for marketing purposes, presentation, targeted and personalized advertising. This website does not control the information retrieved by third parties because they act for their own brand. <\/span><\/p>\n<h2 class=\"tw-data-text tw-ta tw-text-small\" dir=\"ltr\" data-placeholder=\"Translation\"><span lang=\"en\" style=\"color: #000080;\" tabindex=\"0\">How to delete cookies? <\/span><\/h2>\n<p class=\"tw-data-text tw-ta tw-text-small\" dir=\"ltr\" data-placeholder=\"Translation\"><span lang=\"en\" tabindex=\"0\">Do you want to disable cookies? You may at any time choose to disable these cookies or be informed whenever our website deposits cookies on your computer. You can accept or decline cookies on a case-by-case basis. If your browser is programmed to refuse cookies, we remind you that you will not have access to the full functionality of our website.<\/span><\/p>\n<p>&nbsp;<\/p>\n<ul>\n<li><\/li>\n<\/ul>\n<h2 class=\"block-edito-title\"><span style=\"color: #473161;\">Comment supprimer les cookies ?<\/span><\/h2>\n<div class=\"paragraph-content-text\" data-block=\"bloc_paragraphe\">\n<h3 class=\"h3-wysiwyg\"><span style=\"color: #473161;\">Vous souhaitez d\u00e9sactiver les cookies ?<\/span><\/h3>\n<p><span style=\"color: #333333;\">Vous pouvez \u00e0 tout moment choisir de d\u00e9sactiver ces cookies ou bien \u00eatre inform\u00e9 \u00e0 chaque fois que notre site internet d\u00e9pose des cookies sur votre ordinateur. Vous pouvez accepter ou refuser les cookies au cas par cas.<\/span><\/p>\n<p><span style=\"color: #333333;\">Si votre navigateur est programm\u00e9 pour refuser les cookies, nous vous rappelons que vous n\u2019aurez pas acc\u00e8s \u00e0 l\u2019int\u00e9gralit\u00e9 des fonctionnalit\u00e9s de notre site internet.<\/span><\/p>\n<\/div>\n<p>[\/vc_column_text][vc_empty_space][\/vc_column][\/vc_row][vc_row][vc_column width=&#8221;1\/6&#8243;][vc_btn title=&#8221;ON GOOGLE CHROME&#8221; align=&#8221;center&#8221; link=&#8221;url:https%3A%2F%2Fsupport.google.com%2Fchrome%2Fanswer%2F95647%3Fhl%3Dfr%26hlrm%3Den|target:%20_blank|rel:nofollow|&#8221;][\/vc_column][vc_column width=&#8221;1\/6&#8243;][vc_btn title=&#8221;ON FIREFOX&#8221; align=&#8221;center&#8221; link=&#8221;url:https%3A%2F%2Fsupport.mozilla.org%2Ffr%2Fkb%2Factiver-desactiver-cookies-preferences%3Fredirectlocale%3Dfr%26redirectslug%3DActiver%2Bet%2Bd%25C3%25A9sactiver%2Bles%2Bcookies|target:%20_blank|rel:nofollow|&#8221;][\/vc_column][vc_column width=&#8221;1\/6&#8243;][vc_btn title=&#8221;ON SAFARI&#8221; align=&#8221;center&#8221; link=&#8221;url:https%3A%2F%2Fsupport.apple.com%2Fkb%2Fph21411%3Flocale%3Dfr_CA|target:%20_blank|rel:nofollow|&#8221;][\/vc_column][vc_column width=&#8221;1\/6&#8243;][vc_btn title=&#8221;ON OPERA&#8221; align=&#8221;center&#8221; link=&#8221;url:https%3A%2F%2Fhelp.opera.com%2Fen%2Flatest%2Fweb-preferences%2F%23cookies|target:%20_blank|rel:nofollow|&#8221;][\/vc_column][vc_column width=&#8221;1\/6&#8243;][vc_btn title=&#8221;ON INTERNET EXPLORER&#8221; align=&#8221;center&#8221; link=&#8221;url:https%3A%2F%2Fsupport.microsoft.com%2Ffr-fr%2Fhelp%2F17442%2Fwindows-internet-explorer-delete-manage-cookies|target:%20_blank|rel:nofollow|&#8221;][vc_btn title=&#8221;ON INTERNET EXPLORER EDGE&#8221; align=&#8221;center&#8221; link=&#8221;url:https%3A%2F%2Fprivacy.microsoft.com%2Ffr-fr%2Fwindows-10-microsoft-edge-and-privacy|target:%20_blank|rel:nofollow|&#8221;][\/vc_column][vc_column width=&#8221;1\/6&#8243;][vc_btn title=&#8221;GOOGLE ANALYTICS&#8221; align=&#8221;center&#8221; link=&#8221;url:https%3A%2F%2Fdevelopers.google.com%2Fanalytics%2Fdevguides%2Fcollection%2Fanalyticsjs%2Fcookie-usage%3Fhl%3Dfr|target:%20_blank|rel:nofollow|&#8221;][\/vc_column][\/vc_row]<\/p>\n<\/div>","protected":false},"excerpt":{"rendered":"<p>[vc_row][vc_column][vc_column_text] Cap Wine Cookies, named \u00ab our web site \u00bb When you browse our website, cookies are placed on your computer, mobile or tablet to improve your use of the site and increase its performance. Learn how cookies and current tools work to set them up. [\/vc_column_text][vc_btn title=&#8221;More on cookies on CNIL web site&#8221; link=&#8221;url:https%3A%2F%2Fwww.cnil.fr%2Ffr%2Fcookies-les-outils-pour-les-maitriser|target:%20_blank|rel:nofollow|&#8221;][vc_column_text]&hellip;<\/p>\n","protected":false},"author":6,"featured_media":0,"parent":0,"menu_order":0,"comment_status":"closed","ping_status":"closed","template":"","meta":{"inline_featured_image":false,"footnotes":""},"class_list":["post-1828","page","type-page","status-publish","hentry","description-off"],"yoast_head":"<!-- This site is optimized with the Yoast SEO plugin v27.4 - https:\/\/yoast.com\/product\/yoast-seo-wordpress\/ -->\n<title>Cookies - Cap Wine<\/title>\n<meta name=\"robots\" content=\"noindex, nofollow\" \/>\n<meta property=\"og:locale\" content=\"en_US\" \/>\n<meta property=\"og:type\" content=\"article\" \/>\n<meta property=\"og:title\" content=\"Cookies - Cap Wine\" \/>\n<meta property=\"og:description\" content=\"[vc_row][vc_column][vc_column_text] Cap Wine Cookies, named \u00ab our web site \u00bb When you browse our website, cookies are placed on your computer, mobile or tablet to improve your use of the site and increase its performance. Learn how cookies and current tools work to set them up. [\/vc_column_text][vc_btn title=&#8221;More on cookies on CNIL web site&#8221; link=&#8221;url:https%3A%2F%2Fwww.cnil.fr%2Ffr%2Fcookies-les-outils-pour-les-maitriser|target:%20_blank|rel:nofollow|&#8221;][vc_column_text]&hellip;\" \/>\n<meta property=\"og:url\" content=\"https:\/\/capwineint.com\/en\/cookies\/\" \/>\n<meta property=\"og:site_name\" content=\"Cap Wine\" \/>\n<meta property=\"article:modified_time\" content=\"2019-06-21T09:08:20+00:00\" \/>\n<meta name=\"twitter:card\" content=\"summary_large_image\" \/>\n<meta name=\"twitter:label1\" content=\"Est. reading time\" \/>\n\t<meta name=\"twitter:data1\" content=\"4 minutes\" \/>\n<script type=\"application\/ld+json\" class=\"yoast-schema-graph\">{\"@context\":\"https:\\\/\\\/schema.org\",\"@graph\":[{\"@type\":\"WebPage\",\"@id\":\"https:\\\/\\\/capwineint.com\\\/en\\\/cookies\\\/\",\"url\":\"https:\\\/\\\/capwineint.com\\\/en\\\/cookies\\\/\",\"name\":\"Cookies - Cap Wine\",\"isPartOf\":{\"@id\":\"https:\\\/\\\/capwineint.com\\\/#website\"},\"datePublished\":\"2019-06-20T14:25:58+00:00\",\"dateModified\":\"2019-06-21T09:08:20+00:00\",\"breadcrumb\":{\"@id\":\"https:\\\/\\\/capwineint.com\\\/en\\\/cookies\\\/#breadcrumb\"},\"inLanguage\":\"en-US\",\"potentialAction\":[{\"@type\":\"ReadAction\",\"target\":[\"https:\\\/\\\/capwineint.com\\\/en\\\/cookies\\\/\"]}]},{\"@type\":\"BreadcrumbList\",\"@id\":\"https:\\\/\\\/capwineint.com\\\/en\\\/cookies\\\/#breadcrumb\",\"itemListElement\":[{\"@type\":\"ListItem\",\"position\":1,\"name\":\"Home\",\"item\":\"https:\\\/\\\/capwineint.com\\\/en\\\/\"},{\"@type\":\"ListItem\",\"position\":2,\"name\":\"Cookies\"}]},{\"@type\":\"WebSite\",\"@id\":\"https:\\\/\\\/capwineint.com\\\/#website\",\"url\":\"https:\\\/\\\/capwineint.com\\\/\",\"name\":\"Cap Wine\",\"description\":\"Groupe Viticole Fran\u00e7ais\",\"potentialAction\":[{\"@type\":\"SearchAction\",\"target\":{\"@type\":\"EntryPoint\",\"urlTemplate\":\"https:\\\/\\\/capwineint.com\\\/?s={search_term_string}\"},\"query-input\":{\"@type\":\"PropertyValueSpecification\",\"valueRequired\":true,\"valueName\":\"search_term_string\"}}],\"inLanguage\":\"en-US\"}]}<\/script>\n<!-- \/ Yoast SEO plugin. -->","yoast_head_json":{"title":"Cookies - Cap Wine","robots":{"index":"noindex","follow":"nofollow"},"og_locale":"en_US","og_type":"article","og_title":"Cookies - Cap Wine","og_description":"[vc_row][vc_column][vc_column_text] Cap Wine Cookies, named \u00ab our web site \u00bb When you browse our website, cookies are placed on your computer, mobile or tablet to improve your use of the site and increase its performance. Learn how cookies and current tools work to set them up. [\/vc_column_text][vc_btn title=&#8221;More on cookies on CNIL web site&#8221; link=&#8221;url:https%3A%2F%2Fwww.cnil.fr%2Ffr%2Fcookies-les-outils-pour-les-maitriser|target:%20_blank|rel:nofollow|&#8221;][vc_column_text]&hellip;","og_url":"https:\/\/capwineint.com\/en\/cookies\/","og_site_name":"Cap Wine","article_modified_time":"2019-06-21T09:08:20+00:00","twitter_card":"summary_large_image","twitter_misc":{"Est. reading time":"4 minutes"},"schema":{"@context":"https:\/\/schema.org","@graph":[{"@type":"WebPage","@id":"https:\/\/capwineint.com\/en\/cookies\/","url":"https:\/\/capwineint.com\/en\/cookies\/","name":"Cookies - Cap Wine","isPartOf":{"@id":"https:\/\/capwineint.com\/#website"},"datePublished":"2019-06-20T14:25:58+00:00","dateModified":"2019-06-21T09:08:20+00:00","breadcrumb":{"@id":"https:\/\/capwineint.com\/en\/cookies\/#breadcrumb"},"inLanguage":"en-US","potentialAction":[{"@type":"ReadAction","target":["https:\/\/capwineint.com\/en\/cookies\/"]}]},{"@type":"BreadcrumbList","@id":"https:\/\/capwineint.com\/en\/cookies\/#breadcrumb","itemListElement":[{"@type":"ListItem","position":1,"name":"Home","item":"https:\/\/capwineint.com\/en\/"},{"@type":"ListItem","position":2,"name":"Cookies"}]},{"@type":"WebSite","@id":"https:\/\/capwineint.com\/#website","url":"https:\/\/capwineint.com\/","name":"Cap Wine","description":"Groupe Viticole Fran\u00e7ais","potentialAction":[{"@type":"SearchAction","target":{"@type":"EntryPoint","urlTemplate":"https:\/\/capwineint.com\/?s={search_term_string}"},"query-input":{"@type":"PropertyValueSpecification","valueRequired":true,"valueName":"search_term_string"}}],"inLanguage":"en-US"}]}},"_links":{"self":[{"href":"https:\/\/capwineint.com\/en\/wp-json\/wp\/v2\/pages\/1828","targetHints":{"allow":["GET"]}}],"collection":[{"href":"https:\/\/capwineint.com\/en\/wp-json\/wp\/v2\/pages"}],"about":[{"href":"https:\/\/capwineint.com\/en\/wp-json\/wp\/v2\/types\/page"}],"author":[{"embeddable":true,"href":"https:\/\/capwineint.com\/en\/wp-json\/wp\/v2\/users\/6"}],"replies":[{"embeddable":true,"href":"https:\/\/capwineint.com\/en\/wp-json\/wp\/v2\/comments?post=1828"}],"version-history":[{"count":3,"href":"https:\/\/capwineint.com\/en\/wp-json\/wp\/v2\/pages\/1828\/revisions"}],"predecessor-version":[{"id":1845,"href":"https:\/\/capwineint.com\/en\/wp-json\/wp\/v2\/pages\/1828\/revisions\/1845"}],"wp:attachment":[{"href":"https:\/\/capwineint.com\/en\/wp-json\/wp\/v2\/media?parent=1828"}],"curies":[{"name":"wp","href":"https:\/\/api.w.org\/{rel}","templated":true}]}}