{"id":1838,"date":"2019-06-21T04:31:54","date_gmt":"2019-06-21T08:31:54","guid":{"rendered":"https:\/\/capwineint.com\/accueil\/"},"modified":"2025-01-26T17:30:32","modified_gmt":"2025-01-26T16:30:32","slug":"accueil","status":"publish","type":"page","link":"https:\/\/capwineint.com\/en\/","title":{"rendered":"Home"},"content":{"rendered":"<div class=\"wpb-content-wrapper\"><p>[vc_row css=&#8221;.vc_custom_1542400689441{margin-top: -70px !important;}&#8221;][vc_column][vc_row_inner css=&#8221;.vc_custom_1542401705429{margin-top: 50px !important;}&#8221;][vc_column_inner width=&#8221;1\/6&#8243;][\/vc_column_inner][vc_column_inner width=&#8221;2\/3&#8243;][vc_column_text]<\/p>\n<h2 style=\"text-align: center;\">CAP WINE<\/h2>\n<h3 style=\"text-align: center;\">The passion for excellence<\/h3>\n<p>[\/vc_column_text][vc_column_text]<\/p>\n<p style=\"text-align: justify;\">CAP WINE International is a French wine group founded in June 2008 by three partners. These three people, Pascal Debon, Andr\u00e9 Tremblay and Christine De Caix-Lurton are above all long-established friends who share a love of vineyards and authentic wines.<\/p>\n<p>[\/vc_column_text]<div class=\" ubtn-ctn-center \"><a class=\"ubtn-link ult-adjust-bottom-margin ubtn-center ubtn-small \" href=\"https:\/\/capwineint.com\/en\/who-are-we\/\" ><button type=\"button\" id=\"ubtn-7803\"  class=\"ubtn ult-adjust-bottom-margin ult-responsive ubtn-small ubtn-no-hover-bg  none  ubtn-center   tooltip-69e4f38dc3192\"  data-hover=\"#ffffff\" data-border-color=\"#b29b6a\" data-bg=\"#ffffff\" data-hover-bg=\"rgba(178,155,106,0.75)\" data-border-hover=\"#b29b6a\" data-shadow-hover=\"\" data-shadow-click=\"none\" data-shadow=\"\" data-shd-shadow=\"\"  data-ultimate-target='#ubtn-7803'  data-responsive-json-new='{\"font-size\":\"\",\"line-height\":\"\"}'  style=\"font-weight:normal;border-radius:0px;border-width:2px;border-color:#b29b6a;border-style:solid;background: #ffffff;color: #b29b6a;\"><span class=\"ubtn-hover\" style=\"background-color:rgba(178,155,106,0.75)\"><\/span><span class=\"ubtn-data ubtn-text \" >MORE<\/span><\/button><\/a><\/div>[vc_separator color=&#8221;custom&#8221; el_width=&#8221;10&#8243; accent_color=&#8221;#473162&#8243;][vc_video link=&#8221;https:\/\/youtu.be\/22v9iI9bps4&#8243; el_aspect=&#8221;235&#8243; align=&#8221;center&#8221;][\/vc_column_inner][vc_column_inner width=&#8221;1\/6&#8243;][\/vc_column_inner][\/vc_row_inner][vc_empty_space][vc_empty_space height=&#8221;50&#8243;][vc_column_text]<\/p>\n<h2 style=\"text-align: center;\">CAP WINE<\/h2>\n<h3 style=\"text-align: center;\">Domains and Terroirs<\/h3>\n<p>[\/vc_column_text][vc_column_text]<\/p>\n<p style=\"text-align: center;\">More than 400 hectares of exceptional and high potential vineyards:<\/p>\n<p>[\/vc_column_text][vc_separator color=&#8221;custom&#8221; el_width=&#8221;10&#8243; accent_color=&#8221;#473162&#8243;][\/vc_column][\/vc_row][vc_row css=&#8221;.vc_custom_1554479019774{padding-top: 0px !important;background-color: rgba(255,255,255,0.82) !important;background-position: center !important;background-repeat: no-repeat !important;background-size: cover !important;*background-color: rgb(255,255,255) !important;}&#8221;][vc_column css_animation=&#8221;none&#8221; width=&#8221;1\/3&#8243; css=&#8221;.vc_custom_1554479321599{background-position: center !important;background-repeat: no-repeat !important;background-size: contain !important;}&#8221;][vc_row_inner css=&#8221;.vc_custom_1554479305747{background-color: #473161 !important;}&#8221;][vc_column_inner][vc_single_image image=&#8221;1766&#8243; img_size=&#8221;full&#8221; alignment=&#8221;center&#8221; onclick=&#8221;custom_link&#8221; img_link_target=&#8221;_blank&#8221; el_class=&#8221;fd&#8221; link=&#8221;https:\/\/www.lherre.fr\/en&#8221;][\/vc_column_inner][\/vc_row_inner][vc_empty_space][vc_column_text]<\/p>\n<p style=\"text-align: center;\"><strong>GASCOGNE<\/strong><\/p>\n<p style=\"text-align: center;\">FRANCE<\/p>\n<p>[\/vc_column_text]<div class=\" ubtn-ctn-center \"><a class=\"ubtn-link ult-adjust-bottom-margin ubtn-center ubtn-mini \" href=\"https:\/\/www.lherre.fr\/en\/\" target=\"_blank\" rel=\"noopener\" ><button type=\"button\" id=\"ubtn-1228\"  class=\"ubtn ult-adjust-bottom-margin ult-responsive ubtn-mini ubtn-no-hover-bg  none  ubtn-center   tooltip-69e4f38dc31d5\"  data-hover=\"#ffffff\" data-border-color=\"#b29b6a\" data-bg=\"#ffffff\" data-hover-bg=\"rgba(178,155,106,0.75)\" data-border-hover=\"#b29b6a\" data-shadow-hover=\"\" data-shadow-click=\"none\" data-shadow=\"\" data-shd-shadow=\"\"  data-ultimate-target='#ubtn-1228'  data-responsive-json-new='{\"font-size\":\"\",\"line-height\":\"\"}'  style=\"font-weight:normal;border-radius:0px;border-width:2px;border-color:#b29b6a;border-style:solid;background: #ffffff;color: #b29b6a;\"><span class=\"ubtn-hover\" style=\"background-color:rgba(178,155,106,0.75)\"><\/span><span class=\"ubtn-data ubtn-text \" >VISIT<\/span><\/button><\/a><\/div>[vc_empty_space][\/vc_column][vc_column width=&#8221;1\/3&#8243;][vc_row_inner css=&#8221;.vc_custom_1554479195140{background-color: #473161 !important;}&#8221;][vc_column_inner][vc_single_image image=&#8221;1774&#8243; img_size=&#8221;full&#8221; alignment=&#8221;center&#8221; onclick=&#8221;custom_link&#8221; img_link_target=&#8221;_blank&#8221; el_class=&#8221;fd&#8221; link=&#8221;http:\/\/www.masdesborrels.net\/?lang=en&#8221;][\/vc_column_inner][\/vc_row_inner][vc_empty_space][vc_column_text]<\/p>\n<p style=\"text-align: center;\"><strong>PROVENCE<\/strong><\/p>\n<p style=\"text-align: center;\">FRANCE<\/p>\n<p>[\/vc_column_text]<div class=\" ubtn-ctn-center \"><a class=\"ubtn-link ult-adjust-bottom-margin ubtn-center ubtn-mini \" href=\"http:\/\/www.masdesborrels.net\/?lang=en\" target=\"_blank\" rel=\"noopener\" ><button type=\"button\" id=\"ubtn-3077\"  class=\"ubtn ult-adjust-bottom-margin ult-responsive ubtn-mini ubtn-no-hover-bg  none  ubtn-center   tooltip-69e4f38dc31fd\"  data-hover=\"#ffffff\" data-border-color=\"#b29b6a\" data-bg=\"#ffffff\" data-hover-bg=\"rgba(178,155,106,0.75)\" data-border-hover=\"#b29b6a\" data-shadow-hover=\"\" data-shadow-click=\"none\" data-shadow=\"\" data-shd-shadow=\"\"  data-ultimate-target='#ubtn-3077'  data-responsive-json-new='{\"font-size\":\"\",\"line-height\":\"\"}'  style=\"font-weight:normal;border-radius:0px;border-width:2px;border-color:#b29b6a;border-style:solid;background: #ffffff;color: #b29b6a;\"><span class=\"ubtn-hover\" style=\"background-color:rgba(178,155,106,0.75)\"><\/span><span class=\"ubtn-data ubtn-text \" >VISIT<\/span><\/button><\/a><\/div>[vc_empty_space][\/vc_column][vc_column width=&#8221;1\/3&#8243;][vc_row_inner css=&#8221;.vc_custom_1554479200559{background-color: #473161 !important;}&#8221;][vc_column_inner][vc_single_image image=&#8221;1772&#8243; img_size=&#8221;full&#8221; alignment=&#8221;center&#8221; onclick=&#8221;custom_link&#8221; img_link_target=&#8221;_blank&#8221; el_class=&#8221;fd&#8221; link=&#8221;https:\/\/boutique.capwineint.com\/?lang=en&#8221;][\/vc_column_inner][\/vc_row_inner][vc_empty_space][vc_column_text]<\/p>\n<p style=\"text-align: center;\"><strong>DOURO<\/strong><\/p>\n<p style=\"text-align: center;\">PORTUGAL<\/p>\n<p>[\/vc_column_text]<div class=\" ubtn-ctn-center \"><a class=\"ubtn-link ult-adjust-bottom-margin ubtn-center ubtn-mini \" href=\"https:\/\/boutique.capwineint.com\" target=\"_blank\" rel=\"noopener\" ><button type=\"button\" id=\"ubtn-5386\"  class=\"ubtn ult-adjust-bottom-margin ult-responsive ubtn-mini ubtn-no-hover-bg  none  ubtn-center   tooltip-69e4f38dc321c\"  data-hover=\"#ffffff\" data-border-color=\"#b29b6a\" data-bg=\"#ffffff\" data-hover-bg=\"rgba(178,155,106,0.75)\" data-border-hover=\"#b29b6a\" data-shadow-hover=\"\" data-shadow-click=\"none\" data-shadow=\"\" data-shd-shadow=\"\"  data-ultimate-target='#ubtn-5386'  data-responsive-json-new='{\"font-size\":\"\",\"line-height\":\"\"}'  style=\"font-weight:normal;border-radius:0px;border-width:2px;border-color:#b29b6a;border-style:solid;background: #ffffff;color: #b29b6a;\"><span class=\"ubtn-hover\" style=\"background-color:rgba(178,155,106,0.75)\"><\/span><span class=\"ubtn-data ubtn-text \" >VISIT<\/span><\/button><\/a><\/div>[vc_empty_space][\/vc_column][\/vc_row][vc_row full_width=&#8221;stretch_row_content_no_spaces&#8221; content_placement=&#8221;middle&#8221; css=&#8221;.vc_custom_1543343303157{margin-top: -35px !important;padding-top: 0px !important;}&#8221;][vc_column css_animation=&#8221;none&#8221; width=&#8221;1\/2&#8243; css=&#8221;.vc_custom_1554232034779{background-color: #ffffff !important;}&#8221;][vc_row_inner][vc_column_inner width=&#8221;1\/4&#8243;][\/vc_column_inner][vc_column_inner width=&#8221;1\/2&#8243;][vc_column_text]<\/p>\n<h2 style=\"text-align: center;\">A KNOW-HOW<\/h2>\n<h3 style=\"text-align: center;\">Discover our wines<\/h3>\n<p>[\/vc_column_text][vc_column_text]<\/p>\n<p style=\"text-align: justify;\">In Gascony, South-West France, the wines of the Domaine de l\u2019Herr\u00e9 release all the intense aromas of C\u00f4tes de Gascogne designation. The sauvignon, colombard and mansengs varieties blossom on this terroir.<\/p>\n<p style=\"text-align: justify;\">In Provence, at the Mas des Borrels, delicate and distinguished cuv\u00e9es in ros\u00e9, white and red, are created under the AOP C\u00f4tes de Provence designation.<\/p>\n<p style=\"text-align: justify;\">In Portugal, in our quintas of Douro, wines of exceptional aromatic concentration are produced following the ancestral traditions. They take you on a magic journey.<\/p>\n<p>[\/vc_column_text][vc_separator color=&#8221;custom&#8221; el_width=&#8221;10&#8243; accent_color=&#8221;#473162&#8243;]<div class=\" ubtn-ctn-center \"><a class=\"ubtn-link ult-adjust-bottom-margin ubtn-center ubtn-small \" href=\"https:\/\/boutique.lherre.fr\/en\/\" target=\"_blank\" rel=\"noopener\" ><button type=\"button\" id=\"ubtn-9987\"  class=\"ubtn ult-adjust-bottom-margin ult-responsive ubtn-small ubtn-no-hover-bg  none  ubtn-center   tooltip-69e4f38dc3238\"  data-hover=\"#ffffff\" data-border-color=\"#b29b6a\" data-bg=\"#ffffff\" data-hover-bg=\"rgba(178,155,106,0.75)\" data-border-hover=\"#b29b6a\" data-shadow-hover=\"\" data-shadow-click=\"none\" data-shadow=\"\" data-shd-shadow=\"\"  data-ultimate-target='#ubtn-9987'  data-responsive-json-new='{\"font-size\":\"\",\"line-height\":\"\"}'  style=\"font-weight:normal;border-radius:0px;border-width:2px;border-color:#b29b6a;border-style:solid;background: #ffffff;color: #b29b6a;\"><span class=\"ubtn-hover\" style=\"background-color:rgba(178,155,106,0.75)\"><\/span><span class=\"ubtn-data ubtn-text \" >VISIT OUR SHOP<\/span><\/button><\/a><\/div>[\/vc_column_inner][vc_column_inner width=&#8221;1\/4&#8243;][\/vc_column_inner][\/vc_row_inner][\/vc_column][vc_column css_animation=&#8221;none&#8221; width=&#8221;1\/2&#8243; css=&#8221;.vc_custom_1554232039902{margin-bottom: -10px !important;padding-top: 0px !important;background-position: center !important;background-repeat: no-repeat !important;background-size: cover !important;}&#8221;][vc_single_image image=&#8221;1776&#8243; img_size=&#8221;full&#8221; alignment=&#8221;center&#8221; css=&#8221;.vc_custom_1552402847868{margin-bottom: 0px !important;}&#8221;][\/vc_column][\/vc_row][vc_row full_width=&#8221;stretch_row_content_no_spaces&#8221; content_placement=&#8221;middle&#8221; css=&#8221;.vc_custom_1543343471761{margin-bottom: -70px !important;padding-top: 0px !important;}&#8221;][vc_column css_animation=&#8221;none&#8221; width=&#8221;1\/2&#8243; css=&#8221;.vc_custom_1554232046609{padding-top: 0px !important;background-position: center !important;background-repeat: no-repeat !important;background-size: cover !important;}&#8221;][vc_single_image image=&#8221;40&#8243; img_size=&#8221;800&#215;800&#8243; alignment=&#8221;center&#8221; css=&#8221;.vc_custom_1549292615407{margin-bottom: 0px !important;}&#8221;][\/vc_column][vc_column css_animation=&#8221;none&#8221; width=&#8221;1\/2&#8243; css=&#8221;.vc_custom_1554232054033{background-color: #ffffff !important;}&#8221;][vc_row_inner][vc_column_inner width=&#8221;1\/4&#8243;][\/vc_column_inner][vc_column_inner width=&#8221;1\/2&#8243;][vc_column_text]<\/p>\n<h2 style=\"text-align: center;\">THE GALLERY<\/h2>\n<h3 style=\"text-align: center;\">Stunning photos of our vineyards<\/h3>\n<p>[\/vc_column_text][vc_separator color=&#8221;custom&#8221; el_width=&#8221;10&#8243; accent_color=&#8221;#473162&#8243;]<div class=\" vc_custom_1543246833793 ubtn-ctn-center \"><a class=\"ubtn-link ult-adjust-bottom-margin ubtn-center ubtn-small \" href=\"https:\/\/capwineint.com\/en\/gallery\/\" ><button type=\"button\" id=\"ubtn-2436\"  class=\"ubtn ult-adjust-bottom-margin ult-responsive ubtn-small ubtn-no-hover-bg  none  ubtn-center   tooltip-69e4f38dc3253\"  data-hover=\"#ffffff\" data-border-color=\"#b29b6a\" data-bg=\"#ffffff\" data-hover-bg=\"rgba(178,155,106,0.75)\" data-border-hover=\"#b29b6a\" data-shadow-hover=\"\" data-shadow-click=\"none\" data-shadow=\"\" data-shd-shadow=\"\"  data-ultimate-target='#ubtn-2436'  data-responsive-json-new='{\"font-size\":\"\",\"line-height\":\"\"}'  style=\"font-weight:normal;border-radius:0px;border-width:2px;border-color:#b29b6a;border-style:solid;background: #ffffff;color: #b29b6a;\"><span class=\"ubtn-hover\" style=\"background-color:rgba(178,155,106,0.75)\"><\/span><span class=\"ubtn-data ubtn-text \" >DISCOVER<\/span><\/button><\/a><\/div>[\/vc_column_inner][vc_column_inner width=&#8221;1\/4&#8243;][\/vc_column_inner][\/vc_row_inner][\/vc_column][\/vc_row]<\/p>\n<\/div>","protected":false},"excerpt":{"rendered":"<p>[vc_row css=&#8221;.vc_custom_1542400689441{margin-top: -70px !important;}&#8221;][vc_column][vc_row_inner css=&#8221;.vc_custom_1542401705429{margin-top: 50px !important;}&#8221;][vc_column_inner width=&#8221;1\/6&#8243;][\/vc_column_inner][vc_column_inner width=&#8221;2\/3&#8243;][vc_column_text] CAP WINE The passion for excellence [\/vc_column_text][vc_column_text] CAP WINE International is a French wine group founded in June 2008 by three partners. These three people, Pascal Debon, Andr\u00e9 Tremblay and Christine De Caix-Lurton are above all long-established friends who share a love of vineyards and authentic&hellip;<\/p>\n","protected":false},"author":6,"featured_media":0,"parent":0,"menu_order":0,"comment_status":"closed","ping_status":"closed","template":"","meta":{"inline_featured_image":false,"footnotes":""},"class_list":["post-1838","page","type-page","status-publish","hentry","description-off"],"yoast_head":"<!-- This site is optimized with the Yoast SEO plugin v27.4 - https:\/\/yoast.com\/product\/yoast-seo-wordpress\/ -->\n<title>Wine producing Group - Cap Wine International<\/title>\n<meta name=\"robots\" content=\"index, follow, max-snippet:-1, max-image-preview:large, max-video-preview:-1\" \/>\n<link rel=\"canonical\" href=\"https:\/\/capwineint.com\/en\/\" \/>\n<meta property=\"og:locale\" content=\"en_US\" \/>\n<meta property=\"og:type\" content=\"article\" \/>\n<meta property=\"og:title\" content=\"Wine producing Group - Cap Wine International\" \/>\n<meta property=\"og:description\" content=\"[vc_row css=&#8221;.vc_custom_1542400689441{margin-top: -70px !important;}&#8221;][vc_column][vc_row_inner css=&#8221;.vc_custom_1542401705429{margin-top: 50px !important;}&#8221;][vc_column_inner width=&#8221;1\/6&#8243;][\/vc_column_inner][vc_column_inner width=&#8221;2\/3&#8243;][vc_column_text] CAP WINE The passion for excellence [\/vc_column_text][vc_column_text] CAP WINE International is a French wine group founded in June 2008 by three partners. These three people, Pascal Debon, Andr\u00e9 Tremblay and Christine De Caix-Lurton are above all long-established friends who share a love of vineyards and authentic&hellip;\" \/>\n<meta property=\"og:url\" content=\"https:\/\/capwineint.com\/en\/\" \/>\n<meta property=\"og:site_name\" content=\"Cap Wine\" \/>\n<meta property=\"article:modified_time\" content=\"2025-01-26T16:30:32+00:00\" \/>\n<meta name=\"twitter:card\" content=\"summary_large_image\" \/>\n<meta name=\"twitter:label1\" content=\"Est. reading time\" \/>\n\t<meta name=\"twitter:data1\" content=\"6 minutes\" \/>\n<script type=\"application\/ld+json\" class=\"yoast-schema-graph\">{\"@context\":\"https:\\\/\\\/schema.org\",\"@graph\":[{\"@type\":\"WebPage\",\"@id\":\"https:\\\/\\\/capwineint.com\\\/en\\\/\",\"url\":\"https:\\\/\\\/capwineint.com\\\/en\\\/\",\"name\":\"Wine producing Group - Cap Wine International\",\"isPartOf\":{\"@id\":\"https:\\\/\\\/capwineint.com\\\/#website\"},\"datePublished\":\"2019-06-21T08:31:54+00:00\",\"dateModified\":\"2025-01-26T16:30:32+00:00\",\"breadcrumb\":{\"@id\":\"https:\\\/\\\/capwineint.com\\\/en\\\/#breadcrumb\"},\"inLanguage\":\"en-US\",\"potentialAction\":[{\"@type\":\"ReadAction\",\"target\":[\"https:\\\/\\\/capwineint.com\\\/en\\\/\"]}]},{\"@type\":\"BreadcrumbList\",\"@id\":\"https:\\\/\\\/capwineint.com\\\/en\\\/#breadcrumb\",\"itemListElement\":[{\"@type\":\"ListItem\",\"position\":1,\"name\":\"Home\",\"item\":\"https:\\\/\\\/capwineint.com\\\/en\\\/\"},{\"@type\":\"ListItem\",\"position\":2,\"name\":\"Home\"}]},{\"@type\":\"WebSite\",\"@id\":\"https:\\\/\\\/capwineint.com\\\/#website\",\"url\":\"https:\\\/\\\/capwineint.com\\\/\",\"name\":\"Cap Wine\",\"description\":\"Groupe Viticole Fran\u00e7ais\",\"potentialAction\":[{\"@type\":\"SearchAction\",\"target\":{\"@type\":\"EntryPoint\",\"urlTemplate\":\"https:\\\/\\\/capwineint.com\\\/?s={search_term_string}\"},\"query-input\":{\"@type\":\"PropertyValueSpecification\",\"valueRequired\":true,\"valueName\":\"search_term_string\"}}],\"inLanguage\":\"en-US\"}]}<\/script>\n<!-- \/ Yoast SEO plugin. -->","yoast_head_json":{"title":"Wine producing Group - Cap Wine International","robots":{"index":"index","follow":"follow","max-snippet":"max-snippet:-1","max-image-preview":"max-image-preview:large","max-video-preview":"max-video-preview:-1"},"canonical":"https:\/\/capwineint.com\/en\/","og_locale":"en_US","og_type":"article","og_title":"Wine producing Group - Cap Wine International","og_description":"[vc_row css=&#8221;.vc_custom_1542400689441{margin-top: -70px !important;}&#8221;][vc_column][vc_row_inner css=&#8221;.vc_custom_1542401705429{margin-top: 50px !important;}&#8221;][vc_column_inner width=&#8221;1\/6&#8243;][\/vc_column_inner][vc_column_inner width=&#8221;2\/3&#8243;][vc_column_text] CAP WINE The passion for excellence [\/vc_column_text][vc_column_text] CAP WINE International is a French wine group founded in June 2008 by three partners. These three people, Pascal Debon, Andr\u00e9 Tremblay and Christine De Caix-Lurton are above all long-established friends who share a love of vineyards and authentic&hellip;","og_url":"https:\/\/capwineint.com\/en\/","og_site_name":"Cap Wine","article_modified_time":"2025-01-26T16:30:32+00:00","twitter_card":"summary_large_image","twitter_misc":{"Est. reading time":"6 minutes"},"schema":{"@context":"https:\/\/schema.org","@graph":[{"@type":"WebPage","@id":"https:\/\/capwineint.com\/en\/","url":"https:\/\/capwineint.com\/en\/","name":"Wine producing Group - Cap Wine International","isPartOf":{"@id":"https:\/\/capwineint.com\/#website"},"datePublished":"2019-06-21T08:31:54+00:00","dateModified":"2025-01-26T16:30:32+00:00","breadcrumb":{"@id":"https:\/\/capwineint.com\/en\/#breadcrumb"},"inLanguage":"en-US","potentialAction":[{"@type":"ReadAction","target":["https:\/\/capwineint.com\/en\/"]}]},{"@type":"BreadcrumbList","@id":"https:\/\/capwineint.com\/en\/#breadcrumb","itemListElement":[{"@type":"ListItem","position":1,"name":"Home","item":"https:\/\/capwineint.com\/en\/"},{"@type":"ListItem","position":2,"name":"Home"}]},{"@type":"WebSite","@id":"https:\/\/capwineint.com\/#website","url":"https:\/\/capwineint.com\/","name":"Cap Wine","description":"Groupe Viticole Fran\u00e7ais","potentialAction":[{"@type":"SearchAction","target":{"@type":"EntryPoint","urlTemplate":"https:\/\/capwineint.com\/?s={search_term_string}"},"query-input":{"@type":"PropertyValueSpecification","valueRequired":true,"valueName":"search_term_string"}}],"inLanguage":"en-US"}]}},"_links":{"self":[{"href":"https:\/\/capwineint.com\/en\/wp-json\/wp\/v2\/pages\/1838","targetHints":{"allow":["GET"]}}],"collection":[{"href":"https:\/\/capwineint.com\/en\/wp-json\/wp\/v2\/pages"}],"about":[{"href":"https:\/\/capwineint.com\/en\/wp-json\/wp\/v2\/types\/page"}],"author":[{"embeddable":true,"href":"https:\/\/capwineint.com\/en\/wp-json\/wp\/v2\/users\/6"}],"replies":[{"embeddable":true,"href":"https:\/\/capwineint.com\/en\/wp-json\/wp\/v2\/comments?post=1838"}],"version-history":[{"count":53,"href":"https:\/\/capwineint.com\/en\/wp-json\/wp\/v2\/pages\/1838\/revisions"}],"predecessor-version":[{"id":2137,"href":"https:\/\/capwineint.com\/en\/wp-json\/wp\/v2\/pages\/1838\/revisions\/2137"}],"wp:attachment":[{"href":"https:\/\/capwineint.com\/en\/wp-json\/wp\/v2\/media?parent=1838"}],"curies":[{"name":"wp","href":"https:\/\/api.w.org\/{rel}","templated":true}]}}